{"id":1276,"date":"2026-03-18T22:37:22","date_gmt":"2026-03-18T22:37:22","guid":{"rendered":"https:\/\/maktens.lv\/?page_id=1276"},"modified":"2026-03-26T12:56:40","modified_gmt":"2026-03-26T12:56:40","slug":"kontakti","status":"publish","type":"page","link":"https:\/\/maktens.lv\/ru\/kontakti\/","title":{"rendered":"Piesaki pakalpojumu rakstot vai zvanot | Maktens"},"content":{"rendered":"\t\t<div data-elementor-type=\"wp-page\" data-elementor-id=\"1276\" class=\"elementor elementor-1276\" data-elementor-post-type=\"page\">\n\t\t\t\t<div class=\"elementor-element elementor-element-876305d e-con-full e-flex e-con e-parent\" data-id=\"876305d\" data-element_type=\"container\" data-settings=\"{&quot;background_background&quot;:&quot;classic&quot;,&quot;position&quot;:&quot;fixed&quot;}\">\n\t\t\t\t<\/div>\n\t\t<div class=\"elementor-element elementor-element-42a2e62 e-flex e-con-boxed e-con e-child\" data-id=\"42a2e62\" data-element_type=\"container\" data-settings=\"{&quot;background_background&quot;:&quot;classic&quot;}\">\n\t\t\t\t\t<div class=\"e-con-inner\">\n\t\t<div class=\"elementor-element elementor-element-39211c2 e-con-full e-flex e-con e-child\" data-id=\"39211c2\" data-element_type=\"container\">\n\t\t<div class=\"elementor-element elementor-element-e4ca292 e-con-full e-flex e-con e-child\" data-id=\"e4ca292\" data-element_type=\"container\">\n\t\t\t\t<div class=\"elementor-element elementor-element-bfa4624 elementor-widget elementor-widget-heading\" data-id=\"bfa4624\" data-element_type=\"widget\" data-widget_type=\"heading.default\">\n\t\t\t\t\t<h1 class=\"elementor-heading-title elementor-size-default\">Piesaki pakalpojumu vai \nuzdod jaut\u0101jumu.<\/h1>\t\t\t\t<\/div>\n\t\t\t\t<div class=\"elementor-element elementor-element-aba0435 elementor-widget elementor-widget-text-editor\" data-id=\"aba0435\" data-element_type=\"widget\" data-widget_type=\"text-editor.default\">\n\t\t\t\t\t\t\t\t\t<p>M\u0113s ar Tevi sazin\u0101simies dr\u012bzum\u0101.<\/p>\t\t\t\t\t\t\t\t<\/div>\n\t\t\t\t<div class=\"elementor-element elementor-element-a8d8ead elementor-widget-divider--view-line elementor-widget elementor-widget-divider\" data-id=\"a8d8ead\" data-element_type=\"widget\" data-widget_type=\"divider.default\">\n\t\t\t\t\t\t\t<div class=\"elementor-divider\">\n\t\t\t<span class=\"elementor-divider-separator\">\n\t\t\t\t\t\t<\/span>\n\t\t<\/div>\n\t\t\t\t\t\t<\/div>\n\t\t<div class=\"elementor-element elementor-element-785f170 e-con-full e-flex e-con e-child\" data-id=\"785f170\" data-element_type=\"container\">\n\t\t<div class=\"elementor-element elementor-element-1e5d68a e-con-full e-flex e-con e-child\" data-id=\"1e5d68a\" data-element_type=\"container\">\n\t\t\t\t<div class=\"elementor-element elementor-element-bf0e15c elementor-widget elementor-widget-image\" data-id=\"bf0e15c\" data-element_type=\"widget\" data-widget_type=\"image.default\">\n\t\t\t\t\t\t\t\t\t\t\t\t\t\t\t<img fetchpriority=\"high\" decoding=\"async\" width=\"371\" height=\"482\" src=\"https:\/\/maktens.lv\/wp-content\/uploads\/2026\/02\/ikona_sazinies.png\" class=\"attachment-large size-large wp-image-348\" alt=\"Zvan\u012bt aseniz\u0101cija Maktens\" srcset=\"https:\/\/maktens.lv\/wp-content\/uploads\/2026\/02\/ikona_sazinies.png 371w, https:\/\/maktens.lv\/wp-content\/uploads\/2026\/02\/ikona_sazinies-231x300.png 231w\" sizes=\"(max-width: 371px) 100vw, 371px\" \/>\t\t\t\t\t\t\t\t\t\t\t\t\t\t\t<\/div>\n\t\t\t\t<\/div>\n\t\t<div class=\"elementor-element elementor-element-fbebe74 e-con-full e-flex e-con e-child\" data-id=\"fbebe74\" data-element_type=\"container\">\n\t\t\t\t<div class=\"elementor-element elementor-element-15cc464 elementor-icon-list--layout-traditional elementor-list-item-link-full_width elementor-widget elementor-widget-global elementor-global-2016 elementor-widget-icon-list\" data-id=\"15cc464\" data-element_type=\"widget\" data-widget_type=\"icon-list.default\">\n\t\t\t\t\t\t\t<ul class=\"elementor-icon-list-items\">\n\t\t\t\t\t\t\t<li class=\"elementor-icon-list-item\">\n\t\t\t\t\t\t\t\t\t\t\t<a href=\"https:\/\/wa.me\/+37126747904\" target=\"_blank\" rel=\"noopener\">\n\n\t\t\t\t\t\t\t\t\t\t\t\t<span class=\"elementor-icon-list-icon\">\n\t\t\t\t\t\t\t<svg xmlns=\"http:\/\/www.w3.org\/2000\/svg\" id=\"Layer_2\" data-name=\"Layer 2\" viewBox=\"0 0 25 25\"><defs><style>      .cls-1 {        fill: #fff;        stroke-width: 0px;      }    <\/style><\/defs><g id=\"Layer_1-2\" data-name=\"Layer 1\"><g><path class=\"cls-1\" d=\"M11.31,0c.8,0,1.61,0,2.41,0,.24.04.48.09.72.12,6.92,1.08,11.61,7.63,10.36,14.47-1.38,7.56-9.33,12.15-16.52,9.42-1.4-.53-2.61-.59-3.97-.15-1.35.44-2.73.76-4.1,1.14h-.21c.02-.15.03-.31.07-.46.5-1.85,1.02-3.7,1.5-5.56.06-.23.02-.55-.09-.77-.8-1.58-1.27-3.24-1.4-5.01C-.31,7.87,2.95,2.71,7.99.85c1.07-.39,2.21-.57,3.32-.85ZM2.97,22.03c1.24-.32,2.36-.62,3.48-.88.24-.06.56-.03.77.09,2.1,1.18,4.33,1.69,6.73,1.35,5.92-.84,9.93-6.46,8.66-12.29-.94-4.3-3.71-6.98-8-7.97-4.01-.93-8.31.8-10.59,4.25-2.41,3.63-2.48,7.39-.3,11.17.22.38.27.71.14,1.11-.3,1.01-.57,2.03-.89,3.17Z\"><\/path><path class=\"cls-1\" d=\"M15.75,18.35c-1.29-.03-2.45-.51-3.55-1.1-2.45-1.31-4.26-3.28-5.54-5.71-.86-1.64-.63-3.16.53-4.42.38-.42,1.34-.64,1.83-.39.15.08.28.26.36.42.35.79.69,1.59.99,2.4.07.17.04.4-.02.59-.05.17-.18.33-.3.48-.74.96-.74.96,0,1.98.95,1.3,2.18,2.22,3.67,2.83.32.13.53.07.73-.18.29-.37.56-.76.89-1.09.15-.14.48-.26.65-.19.88.37,1.74.78,2.59,1.21.14.07.25.33.25.51,0,.86-.3,1.58-1.07,2.07-.62.39-1.27.64-2.02.59Z\"><\/path><\/g><\/g><\/svg>\t\t\t\t\t\t<\/span>\n\t\t\t\t\t\t\t\t\t\t<span class=\"elementor-icon-list-text\">+371 26 747 904<\/span>\n\t\t\t\t\t\t\t\t\t\t\t<\/a>\n\t\t\t\t\t\t\t\t\t<\/li>\n\t\t\t\t\t\t\t\t<li class=\"elementor-icon-list-item\">\n\t\t\t\t\t\t\t\t\t\t\t<a href=\"tel:+37126747904\">\n\n\t\t\t\t\t\t\t\t\t\t\t\t<span class=\"elementor-icon-list-icon\">\n\t\t\t\t\t\t\t<svg xmlns=\"http:\/\/www.w3.org\/2000\/svg\" id=\"Layer_2\" data-name=\"Layer 2\" viewBox=\"0 0 22.9 25\"><defs><style>      .cls-1 {        fill: #fff;        stroke-width: 0px;      }    <\/style><\/defs><g id=\"koment\"><path class=\"cls-1\" d=\"M17.09,25c-1.45,0-2.85-.36-4.15-1.1-2.48-1.4-4.58-3.26-6.46-5.38-2.2-2.49-4.19-5.13-5.51-8.21C.21,8.52-.25,6.68.14,4.71.7,1.85,2.97-.04,5.82,0c1.2.02,1.75.39,2.07,1.55.32,1.19.56,2.41.82,3.61.07.32.11.64.16.96.17.97-.02,1.35-.9,1.78-.36.17-.74.3-1.1.47-.71.34-.81.5-.59,1.25.5,1.66,1.4,3.11,2.43,4.48,1.2,1.59,2.74,2.79,4.37,3.89.83.55,1.22.43,1.78-.42.27-.41.56-.82.88-1.19.33-.38.78-.48,1.25-.28,1.68.71,3.36,1.42,5.02,2.15.69.3.93.85.88,1.62-.17,2.6-2.52,4.98-5.13,5.11-.21.01-.42.02-.68.03Z\"><\/path><\/g><\/svg>\t\t\t\t\t\t<\/span>\n\t\t\t\t\t\t\t\t\t\t<span class=\"elementor-icon-list-text\">+371 26 747 904<\/span>\n\t\t\t\t\t\t\t\t\t\t\t<\/a>\n\t\t\t\t\t\t\t\t\t<\/li>\n\t\t\t\t\t\t\t\t<li class=\"elementor-icon-list-item\">\n\t\t\t\t\t\t\t\t\t\t\t<a href=\"mailto:info@maktens.lv\">\n\n\t\t\t\t\t\t\t\t\t\t\t\t<span class=\"elementor-icon-list-icon\">\n\t\t\t\t\t\t\t<svg xmlns=\"http:\/\/www.w3.org\/2000\/svg\" id=\"Layer_2\" data-name=\"Layer 2\" viewBox=\"0 0 25 25\"><defs><style>      .cls-1 {        fill: #fff;        stroke-width: 0px;      }    <\/style><\/defs><g id=\"koment\"><g><path class=\"cls-1\" d=\"M11.62,0c.59,0,1.17,0,1.76,0,.39.05.79.09,1.18.16,2.29.4,4.35,1.32,6.09,2.87,3.45,3.08,4.87,6.93,4.18,11.49-.48,3.19-2.08,5.81-4.63,7.79-3.05,2.37-6.51,3.15-10.29,2.4-2.4-.48-4.48-1.63-6.21-3.36-1.86-1.85-3.04-4.07-3.5-6.66C.12,14.26.06,13.82,0,13.37,0,12.79,0,12.2,0,11.62c.02-.08.04-.16.05-.24.06-.42.09-.84.17-1.25.48-2.46,1.6-4.6,3.37-6.39C5.45,1.86,7.69.66,10.3.2c.44-.08.88-.13,1.32-.2ZM12.51,6.82c-2.12,0-4.25,0-6.37,0-.15,0-.31,0-.46.03-.77.18-1.23.8-1.24,1.62,0,2.66.01,5.32,0,7.98,0,1.06.79,1.72,1.71,1.71,4.24-.02,8.48-.02,12.72,0,.92,0,1.71-.66,1.7-1.72-.02-2.64-.02-5.29,0-7.93,0-1.05-.78-1.73-1.71-1.71-2.12.03-4.23,0-6.35,0Z\"><\/path><path class=\"cls-1\" d=\"M5.73,8.75c.69.55,1.32,1.05,1.96,1.55,1.45,1.15,2.89,2.3,4.34,3.44.34.27.62.27.97-.01,1.99-1.58,3.99-3.17,5.98-4.75.08-.07.16-.13.3-.23v.28c0,2.46,0,4.93,0,7.39,0,.39-.07.46-.47.46-4.2,0-8.4,0-12.6,0-.4,0-.47-.07-.47-.46,0-2.46,0-4.93,0-7.39,0-.07,0-.14,0-.28Z\"><\/path><path class=\"cls-1\" d=\"M7.02,8.11h10.91s.02.03.04.04c-.05.04-.11.08-.16.12-1.71,1.36-3.43,2.72-5.14,4.08-.11.09-.19.11-.31.01-1.73-1.38-3.46-2.75-5.2-4.13-.04-.03-.07-.06-.14-.13Z\"><\/path><\/g><\/g><\/svg>\t\t\t\t\t\t<\/span>\n\t\t\t\t\t\t\t\t\t\t<span class=\"elementor-icon-list-text\">info@maktens.lv<\/span>\n\t\t\t\t\t\t\t\t\t\t\t<\/a>\n\t\t\t\t\t\t\t\t\t<\/li>\n\t\t\t\t\t\t<\/ul>\n\t\t\t\t\t\t<\/div>\n\t\t<div class=\"elementor-element elementor-element-b190e58 e-con-full e-flex e-con e-child\" data-id=\"b190e58\" data-element_type=\"container\">\n\t\t<div class=\"elementor-element elementor-element-ad3f849 e-con-full e-flex e-con e-child\" data-id=\"ad3f849\" data-element_type=\"container\">\n\t\t<div class=\"elementor-element elementor-element-93a1d73 e-con-full e-flex e-con e-child\" data-id=\"93a1d73\" data-element_type=\"container\">\n\t\t\t\t<div class=\"elementor-element elementor-element-5647c8c elementor-widget elementor-widget-heading\" data-id=\"5647c8c\" data-element_type=\"widget\" data-widget_type=\"heading.default\">\n\t\t\t\t\t<h3 class=\"elementor-heading-title elementor-size-default\">REKVIZ\u012aTI<\/h3>\t\t\t\t<\/div>\n\t\t\t\t<div class=\"elementor-element elementor-element-6dc1452 elementor-widget elementor-widget-text-editor\" data-id=\"6dc1452\" data-element_type=\"widget\" data-widget_type=\"text-editor.default\">\n\t\t\t\t\t\t\t\t\t<p>Re\u0123. Nr. LV40103385080<br \/>R\u012bga, Gar\u0101 iela 28-51, LV-1055, Latvija<br \/>AS \u201cSwedbank\u201d\u00a0<br \/><span style=\"font-size: 1rem;\">LV87HABA0551030292230<\/span><\/p>\t\t\t\t\t\t\t\t<\/div>\n\t\t\t\t<\/div>\n\t\t\t\t<\/div>\n\t\t\t\t<\/div>\n\t\t\t\t<\/div>\n\t\t\t\t<\/div>\n\t\t\t\t<\/div>\n\t\t<div class=\"elementor-element elementor-element-fe841f1 e-con-full e-flex e-con e-child\" data-id=\"fe841f1\" data-element_type=\"container\">\n\t\t\t\t<div class=\"elementor-element elementor-element-d963611 elementor-widget elementor-widget-heading\" data-id=\"d963611\" data-element_type=\"widget\" data-widget_type=\"heading.default\">\n\t\t\t\t\t<h2 class=\"elementor-heading-title elementor-size-default\">Sazinies ar mums!<\/h2>\t\t\t\t<\/div>\n\t\t<div class=\"elementor-element elementor-element-ebea8ff e-con-full e-flex e-con e-child\" data-id=\"ebea8ff\" data-element_type=\"container\">\n\t\t\t\t<div class=\"elementor-element elementor-element-11140a0 elementor-button-align-end elementor-widget elementor-widget-form\" data-id=\"11140a0\" data-element_type=\"widget\" data-settings=\"{&quot;step_next_label&quot;:&quot;Next&quot;,&quot;step_previous_label&quot;:&quot;Previous&quot;,&quot;button_width&quot;:&quot;100&quot;,&quot;step_type&quot;:&quot;number_text&quot;,&quot;step_icon_shape&quot;:&quot;circle&quot;}\" data-widget_type=\"form.default\">\n\t\t\t\t\t\t\t<form class=\"elementor-form\" method=\"post\" name=\"New Form\" aria-label=\"New Form\">\n\t\t\t<input type=\"hidden\" name=\"post_id\" value=\"1276\"\/>\n\t\t\t<input type=\"hidden\" name=\"form_id\" value=\"11140a0\"\/>\n\t\t\t<input type=\"hidden\" name=\"referer_title\" value=\"\" \/>\n\n\t\t\t\n\t\t\t<div class=\"elementor-form-fields-wrapper elementor-labels-\">\n\t\t\t\t\t\t\t\t<div class=\"elementor-field-type-text elementor-field-group elementor-column elementor-field-group-name elementor-col-100\">\n\t\t\t\t\t\t\t\t\t\t\t\t<label for=\"form-field-name\" class=\"elementor-field-label elementor-screen-only\">\n\t\t\t\t\t\t\t\tV\u0101rds\t\t\t\t\t\t\t<\/label>\n\t\t\t\t\t\t\t\t\t\t\t\t\t\t<input size=\"1\" type=\"text\" name=\"form_fields[name]\" id=\"form-field-name\" class=\"elementor-field elementor-size-sm  elementor-field-textual\" placeholder=\"V\u0101rds\">\n\t\t\t\t\t\t\t\t\t\t\t<\/div>\n\t\t\t\t\t\t\t\t<div class=\"elementor-field-type-email elementor-field-group elementor-column elementor-field-group-email elementor-col-100 elementor-field-required\">\n\t\t\t\t\t\t\t\t\t\t\t\t<label for=\"form-field-email\" class=\"elementor-field-label elementor-screen-only\">\n\t\t\t\t\t\t\t\tE-pasts\t\t\t\t\t\t\t<\/label>\n\t\t\t\t\t\t\t\t\t\t\t\t\t\t<input size=\"1\" type=\"email\" name=\"form_fields[email]\" id=\"form-field-email\" class=\"elementor-field elementor-size-sm  elementor-field-textual\" placeholder=\"E-pasts\" required=\"required\">\n\t\t\t\t\t\t\t\t\t\t\t<\/div>\n\t\t\t\t\t\t\t\t<div class=\"elementor-field-type-tel elementor-field-group elementor-column elementor-field-group-field_4d109d8 elementor-col-100\">\n\t\t\t\t\t\t\t\t\t\t\t\t<label for=\"form-field-field_4d109d8\" class=\"elementor-field-label elementor-screen-only\">\n\t\t\t\t\t\t\t\tTelefona nr.\t\t\t\t\t\t\t<\/label>\n\t\t\t\t\t\t\t\t<input size=\"1\" type=\"tel\" name=\"form_fields[field_4d109d8]\" id=\"form-field-field_4d109d8\" class=\"elementor-field elementor-size-sm  elementor-field-textual\" placeholder=\"Telefona nr.\" pattern=\"[0-9()#&amp;+*-=.]+\" title=\"Only numbers and phone characters (#, -, *, etc) are accepted.\">\n\n\t\t\t\t\t\t<\/div>\n\t\t\t\t\t\t\t\t<div class=\"elementor-field-type-textarea elementor-field-group elementor-column elementor-field-group-message elementor-col-100 elementor-field-required\">\n\t\t\t\t\t\t\t\t\t\t\t\t<label for=\"form-field-message\" class=\"elementor-field-label elementor-screen-only\">\n\t\t\t\t\t\t\t\tZi\u0146a\t\t\t\t\t\t\t<\/label>\n\t\t\t\t\t\t<textarea class=\"elementor-field-textual elementor-field  elementor-size-sm\" name=\"form_fields[message]\" id=\"form-field-message\" rows=\"4\" placeholder=\"Zi\u0146a\" required=\"required\"><\/textarea>\t\t\t\t<\/div>\n\t\t\t\t\t\t\t\t<div class=\"elementor-field-group elementor-column elementor-field-type-submit elementor-col-100 e-form__buttons\">\n\t\t\t\t\t<button class=\"elementor-button elementor-size-sm\" type=\"submit\">\n\t\t\t\t\t\t<span class=\"elementor-button-content-wrapper\">\n\t\t\t\t\t\t\t\t\t\t\t\t\t\t\t\t\t\t\t\t\t\t<span class=\"elementor-button-text\">Nos\u016bt\u012bt zi\u0146u<\/span>\n\t\t\t\t\t\t\t\t\t\t\t\t\t<\/span>\n\t\t\t\t\t<\/button>\n\t\t\t\t<\/div>\n\t\t\t<\/div>\n\t\t<\/form>\n\t\t\t\t\t\t<\/div>\n\t\t\t\t<\/div>\n\t\t\t\t<\/div>\n\t\t\t\t<\/div>\n\t\t\t\t\t<\/div>\n\t\t\t\t<\/div>\n\t\t\t\t<\/div>\n\t\t","protected":false},"excerpt":{"rendered":"<p>Zvani un piesaki aseniz\u0101cijas pakalpojumus jau tagad! Maktens &#8211; Lab\u0101kais un \u0101tr\u0101kais septi\u0137u, bedru un kanaliz\u0101cijas sist\u0113mu izs\u016bkn\u0113\u0161an\u0101 tavai m\u0101jai vai uz\u0146\u0113mumam.<\/p>","protected":false},"author":1,"featured_media":93,"parent":0,"menu_order":0,"comment_status":"closed","ping_status":"closed","template":"","meta":{"footnotes":""},"class_list":["post-1276","page","type-page","status-publish","has-post-thumbnail","hentry"],"_links":{"self":[{"href":"https:\/\/maktens.lv\/ru\/wp-json\/wp\/v2\/pages\/1276","targetHints":{"allow":["GET"]}}],"collection":[{"href":"https:\/\/maktens.lv\/ru\/wp-json\/wp\/v2\/pages"}],"about":[{"href":"https:\/\/maktens.lv\/ru\/wp-json\/wp\/v2\/types\/page"}],"author":[{"embeddable":true,"href":"https:\/\/maktens.lv\/ru\/wp-json\/wp\/v2\/users\/1"}],"replies":[{"embeddable":true,"href":"https:\/\/maktens.lv\/ru\/wp-json\/wp\/v2\/comments?post=1276"}],"version-history":[{"count":40,"href":"https:\/\/maktens.lv\/ru\/wp-json\/wp\/v2\/pages\/1276\/revisions"}],"predecessor-version":[{"id":2163,"href":"https:\/\/maktens.lv\/ru\/wp-json\/wp\/v2\/pages\/1276\/revisions\/2163"}],"wp:featuredmedia":[{"embeddable":true,"href":"https:\/\/maktens.lv\/ru\/wp-json\/wp\/v2\/media\/93"}],"wp:attachment":[{"href":"https:\/\/maktens.lv\/ru\/wp-json\/wp\/v2\/media?parent=1276"}],"curies":[{"name":"wp","href":"https:\/\/api.w.org\/{rel}","templated":true}]}}